{"id":23907,"date":"2025-12-09T16:21:19","date_gmt":"2025-12-09T15:21:19","guid":{"rendered":"https:\/\/resqship.org\/?page_id=23907"},"modified":"2025-12-09T16:21:26","modified_gmt":"2025-12-09T15:21:26","slug":"join-in-3","status":"publish","type":"page","link":"https:\/\/resqship.org\/en\/join-in-3\/","title":{"rendered":"Join in"},"content":{"rendered":"<p>[et_pb_section fb_built=&#8221;1&#8243; fullwidth=&#8221;on&#8221; admin_label=&#8221;Sektion Hero&#8221; _builder_version=&#8221;4.25.2&#8243; _module_preset=&#8221;default&#8221; collapsed=&#8221;off&#8221; global_colors_info=&#8221;{}&#8221;][et_pb_fullwidth_header title=&#8221;DEINE AKTION HILFT UNS, MENSCHEN IN NOT ZU HELFEN &#8221; subhead=&#8221;STARTE DEINE SPENDENAKTION&#8221; header_fullscreen=&#8221;on&#8221; header_scroll_down=&#8221;on&#8221; button_one_url=&#8221;https:\/\/resqship.org\/en\/?page_id=23370&#8243; button_two_url=&#8221;https:\/\/resqship.org\/en\/?page_id=23370#fm-antrag&#8221; admin_label=&#8221;Hero&#8221; _builder_version=&#8221;4.27.4&#8243; _module_preset=&#8221;default&#8221; title_level=&#8221;h2&#8243; title_font=&#8221;Montserrat|800||on|||||&#8221; title_text_align=&#8221;center&#8221; title_text_color=&#8221;#FFF9F7&#8243; title_font_size=&#8221;29px&#8221; title_letter_spacing=&#8221;1px&#8221; title_line_height=&#8221;1.2em&#8221; content_font=&#8221;Montserrat||||||||&#8221; content_text_align=&#8221;center&#8221; content_text_color=&#8221;#FFF9F7&#8243; content_font_size=&#8221;25px&#8221; subhead_font=&#8221;Montserrat|800|||||||&#8221; subhead_text_align=&#8221;center&#8221; subhead_text_color=&#8221;#FFF9F7&#8243; subhead_font_size=&#8221;58px&#8221; subhead_line_height=&#8221;1.2em&#8221; background_color=&#8221;#FA5800&#8243; use_background_color_gradient=&#8221;on&#8221; background_color_gradient_direction=&#8221;360deg&#8221; background_color_gradient_stops=&#8221;rgba(20,21,22,0.24) 42%|#0d1a34 100%&#8221; background_color_gradient_overlays_image=&#8221;on&#8221; background_color_gradient_start=&#8221;rgba(20,21,22,0.24)&#8221; background_color_gradient_end=&#8221;#0d1a34&#8243; background_color_gradient_end_position=&#8221;90%&#8221; background_image=&#8221;https:\/\/resqship.org\/wp-content\/uploads\/2025\/10\/DSC09822_Leon-Salner-1-scaled.jpg&#8221; custom_button_one=&#8221;on&#8221; button_one_text_size=&#8221;18px&#8221; button_one_text_color=&#8221;#FFF9F7&#8243; button_one_bg_color=&#8221;#FA5800&#8243; button_one_border_color=&#8221;#FA5800&#8243; button_one_font=&#8221;|600||on|||||&#8221; button_one_icon_color=&#8221;#FFF9F7&#8243; button_one_custom_margin=&#8221;|||39px|false|false&#8221; button_one_custom_margin_tablet=&#8221;|||0px|false|false&#8221; button_one_custom_margin_phone=&#8221;|||0px|false|false&#8221; button_one_custom_margin_last_edited=&#8221;on|phone&#8221; custom_button_two=&#8221;on&#8221; button_two_text_size=&#8221;18px&#8221; button_two_text_color=&#8221;#FFF9F7&#8243; button_two_bg_color=&#8221;#000036&#8243; button_two_border_color=&#8221;#000036&#8243; button_two_font=&#8221;|600||on|||||&#8221; button_two_icon_color=&#8221;#FFF9F7&#8243; module_alignment=&#8221;center&#8221; custom_margin=&#8221;||0px||false|false&#8221; custom_padding=&#8221;0px||43px||false|false&#8221; title_font_size_tablet=&#8221;58px&#8221; title_font_size_phone=&#8221;38px&#8221; title_font_size_last_edited=&#8221;on|phone&#8221; subhead_font_size_tablet=&#8221;24px&#8221; subhead_font_size_phone=&#8221;14px&#8221; subhead_font_size_last_edited=&#8221;on|phone&#8221; button_one_text_size_tablet=&#8221;18px&#8221; button_one_text_size_phone=&#8221;16px&#8221; button_one_text_size_last_edited=&#8221;on|phone&#8221; button_two_text_size_tablet=&#8221;18px&#8221; button_two_text_size_phone=&#8221;16px&#8221; button_two_text_size_last_edited=&#8221;on|phone&#8221; custom_css_title=&#8221;margin-top: -130px;&#8221; title_text_shadow_style=&#8221;preset1&#8243; subhead_text_shadow_style=&#8221;preset1&#8243; box_shadow_style_button_one=&#8221;preset2&#8243; box_shadow_style_button_two=&#8221;preset2&#8243; text_shadow_style=&#8221;preset1&#8243; text_shadow_color=&#8221;#FFF9F7&#8243; global_colors_info=&#8221;{}&#8221; custom_css_title_last_edited=&#8221;on|tablet&#8221; custom_css_title_tablet=&#8221;margin-top: -160px;&#8221; custom_css_title_phone=&#8221;margin-top: 120px;&#8221; custom_css_button_1_last_edited=&#8221;on|phone&#8221; custom_css_button_1_phone=&#8221;margin-top: 100px;&#8221;]<\/p>\n<p>&nbsp;<\/p>\n<p>&nbsp;<\/p>\n<p>&nbsp;<\/p>\n<p style=\"text-align: left;\"><span style=\"color: #fff9f7;\"><span style=\"font-size: large;\">Der politische Gegenwind nimmt zu, doch zusammen bleiben wir auf Kurs: Starte jetzt Deine eigene Spendenaktion oder trage zum Spendenziel anderer Aktionen bei. Teile den Link und motiviere Deine Familie, Freund:innen und Kolleg:innen, uns mit einer Spende zu unterst\u00fctzen. Jede kleine Spende hilft!<\/span><\/span><\/p>\n<p>&nbsp;<\/p>\n<p>&nbsp;<\/p>\n<p style=\"text-align: left;\"><span style=\"font-size: large;\">So funktionierts:<\/span><br \/>\n<span style=\"font-size: large;\"> 1. Starte hier Deine Online-Spendenaktion f\u00fcr RESQSHIP<\/span><br \/>\n<span style=\"font-size: large;\"> 2. Beschreibe Deine Spendenaktion und lade ein passendes Foto hoch<\/span><\/p>\n<p>[\/et_pb_fullwidth_header][\/et_pb_section][et_pb_section fb_built=&#8221;1&#8243; admin_label=&#8221;Einf\u00fchrung&#8221; module_id=&#8221;local groups&#8221; _builder_version=&#8221;4.27.4&#8243; collapsed=&#8221;off&#8221; global_colors_info=&#8221;{}&#8221;][et_pb_row _builder_version=&#8221;4.27.4&#8243; _module_preset=&#8221;default&#8221; global_colors_info=&#8221;{}&#8221;][et_pb_column type=&#8221;4_4&#8243; _builder_version=&#8221;4.27.4&#8243; _module_preset=&#8221;default&#8221; global_colors_info=&#8221;{}&#8221;][et_pb_code _builder_version=&#8221;4.27.4&#8243; _module_preset=&#8221;default&#8221; global_colors_info=&#8221;{}&#8221;]<\/p>\n<p><!-- Begin FundraisingBox --><!-- [et_pb_line_break_holder] --><script type='text\/javascript' src='https:\/\/secure.fundraisingbox.com\/app\/widgetJS?cfh=upxgn5hb'><\/script><\/p>\n<p><!-- [et_pb_line_break_holder] --><noscript>Bitte Javascript aktivieren<\/noscript><!-- [et_pb_line_break_holder] --><a href=\"https:\/\/www.fundraisingbox.com\" target=\"_blank\" rel=\"noopener\"><img decoding=\"async\" style=\"border: 0!important;\" src=\"https:\/\/secure.fundraisingbox.com\/images\/FundraisingBox-Logo-Widget.png\" alt=\"FundraisingBox Logo\" border=\"0\" \/><\/a><\/p>\n<p><!-- [et_pb_line_break_holder] --><!-- End FundraisingBox -->[\/et_pb_code][\/et_pb_column][\/et_pb_row][et_pb_row column_structure=&#8221;3_5,2_5&#8243; _builder_version=&#8221;4.27.4&#8243; _module_preset=&#8221;default&#8221; global_colors_info=&#8221;{}&#8221;][et_pb_column type=&#8221;3_5&#8243; _builder_version=&#8221;4.27.4&#8243; _module_preset=&#8221;default&#8221; global_colors_info=&#8221;{}&#8221;][et_pb_text _builder_version=&#8221;4.27.4&#8243; _module_preset=&#8221;default&#8221; global_colors_info=&#8221;{}&#8221;]<\/p>\n<p>Gemeinsam mit RESQSHIP das Richtige tun: Werde aktiv gegen das Sterben im Mittelmeer!<\/p>\n<h1>Es gibt viele Anl\u00e4sse f\u00fcr deine Aktion<\/h1>\n<p>Ob zum eigenen Geburtstag, einem Spendenlauf, einem Konzert oder einer Soli-Party \u2013 mit jeder Spendenaktion f\u00fcr RESQSHIP unterst\u00fctzt Du unsere lebensrettende Nothilfe f\u00fcr schutzsuchende Menschen auf der Flucht.<\/p>\n<p>[\/et_pb_text][\/et_pb_column][et_pb_column type=&#8221;2_5&#8243; _builder_version=&#8221;4.27.4&#8243; _module_preset=&#8221;default&#8221; global_colors_info=&#8221;{}&#8221;][et_pb_image src=&#8221;https:\/\/resqship.org\/wp-content\/uploads\/2025\/01\/Anni.jpg&#8221; title_text=&#8221;Anni&#8221; _builder_version=&#8221;4.27.4&#8243; _module_preset=&#8221;default&#8221; width=&#8221;auto&#8221; height=&#8221;auto&#8221; global_colors_info=&#8221;{}&#8221;][\/et_pb_image][\/et_pb_column][\/et_pb_row][\/et_pb_section][et_pb_section fb_built=&#8221;1&#8243; disabled_on=&#8221;off|off|off&#8221; admin_label=&#8221;Sektion Footer&#8221; _builder_version=&#8221;4.27.3&#8243; _module_preset=&#8221;default&#8221; background_color=&#8221;#010036&#8243; custom_padding=&#8221;0px||0px||false|false&#8221; global_module=&#8221;285&#8243; saved_tabs=&#8221;all&#8221; locked=&#8221;off&#8221; collapsed=&#8221;on&#8221; global_colors_info=&#8221;{}&#8221;][et_pb_row column_structure=&#8221;1_3,1_3,1_3&#8243; disabled_on=&#8221;off|off|off&#8221; _builder_version=&#8221;4.27.3&#8243; global_colors_info=&#8221;{}&#8221;][et_pb_column type=&#8221;1_3&#8243; _builder_version=&#8221;4.16&#8243; global_colors_info=&#8221;{}&#8221;][et_pb_text admin_label=&#8221;Text_Footer_Impressum-Link&#8221; _builder_version=&#8221;4.20.2&#8243; text_font=&#8221;||||on||||&#8221; text_text_color=&#8221;#ffffff&#8221; link_font=&#8221;||||on||||&#8221; link_text_color=&#8221;#ffffff&#8221; custom_margin=&#8221;||5px|||&#8221; link_option_url=&#8221;https:\/\/resqship.org\/impressum\/&#8221; global_colors_info=&#8221;{}&#8221;]<\/p>\n<p>Impressum<\/p>\n<p>[\/et_pb_text][et_pb_text admin_label=&#8221;Text_Footer_Datenschutz-Link&#8221; _builder_version=&#8221;4.16&#8243; text_font=&#8221;||||on||||&#8221; text_text_color=&#8221;#ffffff&#8221; link_font=&#8221;||||on||||&#8221; link_text_color=&#8221;#ffffff&#8221; global_colors_info=&#8221;{}&#8221;]<\/p>\n<p><a href=\"\/datenschutzerklaerung\/\">Datenschutz<\/a><\/p>\n<p>[\/et_pb_text][et_pb_button button_url=&#8221;https:\/\/resqship.org\/en\/contact-us\/#kontakt&#8221; button_text=&#8221;Contact us&#8221; disabled_on=&#8221;off|off|off&#8221; admin_label=&#8221;Button Kontakt&#8221; _builder_version=&#8221;4.27.3&#8243; _module_preset=&#8221;default&#8221; global_colors_info=&#8221;{}&#8221;][\/et_pb_button][et_pb_text admin_label=&#8221;Text_Footer_Adresse&#8221; _builder_version=&#8221;4.27.3&#8243; text_text_color=&#8221;#ffffff&#8221; global_colors_info=&#8221;{}&#8221;]<\/p>\n<p>Resqship e.V. Osterrade 4,\u00a021031 Hamburg<br \/>\n\u00a9 2024 RESQSHIP<\/p>\n<p>[\/et_pb_text][\/et_pb_column][et_pb_column type=&#8221;1_3&#8243; _builder_version=&#8221;4.16&#8243; global_colors_info=&#8221;{}&#8221;][et_pb_text admin_label=&#8221;Text_Footer_Spendenkonto&#8221; _builder_version=&#8221;4.27.3&#8243; text_text_color=&#8221;#ffffff&#8221; text_line_height=&#8221;1.3em&#8221; global_colors_info=&#8221;{}&#8221;]<\/p>\n<p>Spendenkonto:<\/p>\n<p><strong>IBAN: \u00a0 DE 18 4306 0967 2070 8145 00<br \/>\nBIC: \u00a0 GENO DE M1 GLS<br \/>\nGLS Gemeinschaftsbank eG<\/strong><\/p>\n<p>[\/et_pb_text][et_pb_button button_url=&#8221;https:\/\/resqship.org\/en\/?page_id=23370#fm-antrag&#8221; button_text=&#8221;Become a supporting member&#8221; admin_label=&#8221;Button F\u00f6rdermitgliedschaft&#8221; _builder_version=&#8221;4.27.3&#8243; _module_preset=&#8221;default&#8221; background_layout=&#8221;dark&#8221; global_colors_info=&#8221;{}&#8221;][\/et_pb_button][\/et_pb_column][et_pb_column type=&#8221;1_3&#8243; _builder_version=&#8221;4.16&#8243; global_colors_info=&#8221;{}&#8221;][et_pb_social_media_follow admin_label=&#8221;Footer_Icons Social Media&#8221; _builder_version=&#8221;4.27.4&#8243; text_orientation=&#8221;right&#8221; global_colors_info=&#8221;{}&#8221;][et_pb_social_media_follow_network social_network=&#8221;facebook&#8221; url=&#8221;https:\/\/www.facebook.com\/resqship&#8221; _builder_version=&#8221;4.16&#8243; background_color=&#8221;#3b5998&#8243; global_colors_info=&#8221;{}&#8221;]facebook[\/et_pb_social_media_follow_network][et_pb_social_media_follow_network social_network=&#8221;twitter&#8221; url=&#8221;https:\/\/bsky.app\/profile\/did:plc:ynkzwakvfrkv2wevl7ntl7y6&#8243; _builder_version=&#8221;4.27.4&#8243; background_color=&#8221;#000000&#8243; global_colors_info=&#8221;{}&#8221;]twitter[\/et_pb_social_media_follow_network][et_pb_social_media_follow_network social_network=&#8221;instagram&#8221; url=&#8221;https:\/\/www.instagram.com\/resqship\/&#8221; _builder_version=&#8221;4.16&#8243; background_color=&#8221;#ea2c59&#8243; global_colors_info=&#8221;{}&#8221;]instagram[\/et_pb_social_media_follow_network][et_pb_social_media_follow_network social_network=&#8221;linkedin&#8221; url=&#8221;https:\/\/www.linkedin.com\/company\/resqship-e-v\/&#8221; _builder_version=&#8221;4.16.0&#8243; _module_preset=&#8221;default&#8221; background_color=&#8221;#007bb6&#8243; global_colors_info=&#8221;{}&#8221;]linkedin[\/et_pb_social_media_follow_network][\/et_pb_social_media_follow][et_pb_image src=&#8221;https:\/\/resqship.org\/wp-content\/uploads\/2022\/06\/Transparente_Zivilgesellschaft_weiss_WEB.jpg&#8221; alt=&#8221;Transparent_civil_society_logo-itz&#8221; title_text=&#8221;Transparent_civil_society_logo-ITZ&#8221; url=&#8221;https:\/\/resqship.org\/en\/?page_id=23370#transparenz&#8221; admin_label=&#8221;Bild ITZ-Logo&#8221; _builder_version=&#8221;4.27.3&#8243; _module_preset=&#8221;default&#8221; width=&#8221;auto&#8221; max_width=&#8221;70%&#8221; module_alignment=&#8221;right&#8221; height=&#8221;auto&#8221; global_colors_info=&#8221;{}&#8221;][\/et_pb_image][\/et_pb_column][\/et_pb_row][\/et_pb_section]<\/p>\n","protected":false},"excerpt":{"rendered":"<p>&nbsp; &nbsp; &nbsp; Der politische Gegenwind nimmt zu, doch zusammen bleiben wir auf Kurs: Starte jetzt Deine eigene Spendenaktion oder trage zum Spendenziel anderer Aktionen bei. Teile den Link und motiviere Deine Familie, Freund:innen und Kolleg:innen, uns mit einer Spende zu unterst\u00fctzen. Jede kleine Spende hilft! &nbsp; &nbsp; So funktionierts: 1. Starte hier Deine Online-Spendenaktion [&hellip;]<\/p>\n","protected":false},"author":30,"featured_media":0,"parent":0,"menu_order":0,"comment_status":"closed","ping_status":"closed","template":"","meta":{"_et_pb_use_builder":"on","_et_pb_old_content":"","_et_gb_content_width":"","footnotes":""},"class_list":["post-23907","page","type-page","status-publish","hentry"],"yoast_head":"<!-- This site is optimized with the Yoast SEO plugin v27.4 - https:\/\/yoast.com\/product\/yoast-seo-wordpress\/ -->\n<title>Join in - RESQSHIP<\/title>\n<meta name=\"description\" content=\"RESQSHIP is always looking for committed and motivated people who want to support us, whether on land or at sea.\" \/>\n<meta name=\"robots\" content=\"index, follow, max-snippet:-1, max-image-preview:large, max-video-preview:-1\" \/>\n<link rel=\"canonical\" href=\"https:\/\/resqship.org\/en\/join-in-3\/\" \/>\n<meta property=\"og:locale\" content=\"en_US\" \/>\n<meta property=\"og:type\" content=\"article\" \/>\n<meta property=\"og:title\" content=\"Join in - RESQSHIP\" \/>\n<meta property=\"og:description\" content=\"RESQSHIP is always looking for committed and motivated people who want to support us, whether on land or at sea.\" \/>\n<meta property=\"og:url\" content=\"https:\/\/resqship.org\/en\/join-in-3\/\" \/>\n<meta property=\"og:site_name\" content=\"RESQSHIP\" \/>\n<meta property=\"article:modified_time\" content=\"2025-12-09T15:21:26+00:00\" \/>\n<meta property=\"og:image\" content=\"https:\/\/secure.fundraisingbox.com\/images\/FundraisingBox-Logo-Widget.png\" \/>\n<meta name=\"twitter:card\" content=\"summary_large_image\" \/>\n<meta name=\"twitter:label1\" content=\"Est. reading time\" \/>\n\t<meta name=\"twitter:data1\" content=\"6 minutes\" \/>\n<script type=\"application\/ld+json\" class=\"yoast-schema-graph\">{\"@context\":\"https:\\\/\\\/schema.org\",\"@graph\":[{\"@type\":\"WebPage\",\"@id\":\"https:\\\/\\\/resqship.org\\\/en\\\/join-in-3\\\/\",\"url\":\"https:\\\/\\\/resqship.org\\\/en\\\/join-in-3\\\/\",\"name\":\"Join in - RESQSHIP\",\"isPartOf\":{\"@id\":\"https:\\\/\\\/resqship.org\\\/#website\"},\"primaryImageOfPage\":{\"@id\":\"https:\\\/\\\/resqship.org\\\/en\\\/join-in-3\\\/#primaryimage\"},\"image\":{\"@id\":\"https:\\\/\\\/resqship.org\\\/en\\\/join-in-3\\\/#primaryimage\"},\"thumbnailUrl\":\"https:\\\/\\\/secure.fundraisingbox.com\\\/images\\\/FundraisingBox-Logo-Widget.png\",\"datePublished\":\"2025-12-09T15:21:19+00:00\",\"dateModified\":\"2025-12-09T15:21:26+00:00\",\"description\":\"RESQSHIP is always looking for committed and motivated people who want to support us, whether on land or at sea.\",\"breadcrumb\":{\"@id\":\"https:\\\/\\\/resqship.org\\\/en\\\/join-in-3\\\/#breadcrumb\"},\"inLanguage\":\"en-US\",\"potentialAction\":[{\"@type\":\"ReadAction\",\"target\":[\"https:\\\/\\\/resqship.org\\\/en\\\/join-in-3\\\/\"]}]},{\"@type\":\"ImageObject\",\"inLanguage\":\"en-US\",\"@id\":\"https:\\\/\\\/resqship.org\\\/en\\\/join-in-3\\\/#primaryimage\",\"url\":\"https:\\\/\\\/secure.fundraisingbox.com\\\/images\\\/FundraisingBox-Logo-Widget.png\",\"contentUrl\":\"https:\\\/\\\/secure.fundraisingbox.com\\\/images\\\/FundraisingBox-Logo-Widget.png\"},{\"@type\":\"BreadcrumbList\",\"@id\":\"https:\\\/\\\/resqship.org\\\/en\\\/join-in-3\\\/#breadcrumb\",\"itemListElement\":[{\"@type\":\"ListItem\",\"position\":1,\"name\":\"Home\",\"item\":\"https:\\\/\\\/resqship.org\\\/en\\\/\"},{\"@type\":\"ListItem\",\"position\":2,\"name\":\"Join in\"}]},{\"@type\":\"WebSite\",\"@id\":\"https:\\\/\\\/resqship.org\\\/#website\",\"url\":\"https:\\\/\\\/resqship.org\\\/\",\"name\":\"RESQSHIP\",\"description\":\"Seenotrettung\",\"publisher\":{\"@id\":\"https:\\\/\\\/resqship.org\\\/#organization\"},\"potentialAction\":[{\"@type\":\"SearchAction\",\"target\":{\"@type\":\"EntryPoint\",\"urlTemplate\":\"https:\\\/\\\/resqship.org\\\/?s={search_term_string}\"},\"query-input\":{\"@type\":\"PropertyValueSpecification\",\"valueRequired\":true,\"valueName\":\"search_term_string\"}}],\"inLanguage\":\"en-US\"},{\"@type\":\"Organization\",\"@id\":\"https:\\\/\\\/resqship.org\\\/#organization\",\"name\":\"Resqship\",\"url\":\"https:\\\/\\\/resqship.org\\\/\",\"logo\":{\"@type\":\"ImageObject\",\"inLanguage\":\"en-US\",\"@id\":\"https:\\\/\\\/resqship.org\\\/#\\\/schema\\\/logo\\\/image\\\/\",\"url\":\"https:\\\/\\\/resqship.org\\\/wp-content\\\/uploads\\\/2020\\\/01\\\/RESQSHIP_Logo_orangeweiss_RGB-copy-1.png\",\"contentUrl\":\"https:\\\/\\\/resqship.org\\\/wp-content\\\/uploads\\\/2020\\\/01\\\/RESQSHIP_Logo_orangeweiss_RGB-copy-1.png\",\"width\":300,\"height\":43,\"caption\":\"Resqship\"},\"image\":{\"@id\":\"https:\\\/\\\/resqship.org\\\/#\\\/schema\\\/logo\\\/image\\\/\"}}]}<\/script>\n<!-- \/ Yoast SEO plugin. -->","yoast_head_json":{"title":"Join in - RESQSHIP","description":"RESQSHIP is always looking for committed and motivated people who want to support us, whether on land or at sea.","robots":{"index":"index","follow":"follow","max-snippet":"max-snippet:-1","max-image-preview":"max-image-preview:large","max-video-preview":"max-video-preview:-1"},"canonical":"https:\/\/resqship.org\/en\/join-in-3\/","og_locale":"en_US","og_type":"article","og_title":"Join in - RESQSHIP","og_description":"RESQSHIP is always looking for committed and motivated people who want to support us, whether on land or at sea.","og_url":"https:\/\/resqship.org\/en\/join-in-3\/","og_site_name":"RESQSHIP","article_modified_time":"2025-12-09T15:21:26+00:00","og_image":[{"url":"https:\/\/secure.fundraisingbox.com\/images\/FundraisingBox-Logo-Widget.png","type":"","width":"","height":""}],"twitter_card":"summary_large_image","twitter_misc":{"Est. reading time":"6 minutes"},"schema":{"@context":"https:\/\/schema.org","@graph":[{"@type":"WebPage","@id":"https:\/\/resqship.org\/en\/join-in-3\/","url":"https:\/\/resqship.org\/en\/join-in-3\/","name":"Join in - RESQSHIP","isPartOf":{"@id":"https:\/\/resqship.org\/#website"},"primaryImageOfPage":{"@id":"https:\/\/resqship.org\/en\/join-in-3\/#primaryimage"},"image":{"@id":"https:\/\/resqship.org\/en\/join-in-3\/#primaryimage"},"thumbnailUrl":"https:\/\/secure.fundraisingbox.com\/images\/FundraisingBox-Logo-Widget.png","datePublished":"2025-12-09T15:21:19+00:00","dateModified":"2025-12-09T15:21:26+00:00","description":"RESQSHIP is always looking for committed and motivated people who want to support us, whether on land or at sea.","breadcrumb":{"@id":"https:\/\/resqship.org\/en\/join-in-3\/#breadcrumb"},"inLanguage":"en-US","potentialAction":[{"@type":"ReadAction","target":["https:\/\/resqship.org\/en\/join-in-3\/"]}]},{"@type":"ImageObject","inLanguage":"en-US","@id":"https:\/\/resqship.org\/en\/join-in-3\/#primaryimage","url":"https:\/\/secure.fundraisingbox.com\/images\/FundraisingBox-Logo-Widget.png","contentUrl":"https:\/\/secure.fundraisingbox.com\/images\/FundraisingBox-Logo-Widget.png"},{"@type":"BreadcrumbList","@id":"https:\/\/resqship.org\/en\/join-in-3\/#breadcrumb","itemListElement":[{"@type":"ListItem","position":1,"name":"Home","item":"https:\/\/resqship.org\/en\/"},{"@type":"ListItem","position":2,"name":"Join in"}]},{"@type":"WebSite","@id":"https:\/\/resqship.org\/#website","url":"https:\/\/resqship.org\/","name":"RESQSHIP","description":"Seenotrettung","publisher":{"@id":"https:\/\/resqship.org\/#organization"},"potentialAction":[{"@type":"SearchAction","target":{"@type":"EntryPoint","urlTemplate":"https:\/\/resqship.org\/?s={search_term_string}"},"query-input":{"@type":"PropertyValueSpecification","valueRequired":true,"valueName":"search_term_string"}}],"inLanguage":"en-US"},{"@type":"Organization","@id":"https:\/\/resqship.org\/#organization","name":"Resqship","url":"https:\/\/resqship.org\/","logo":{"@type":"ImageObject","inLanguage":"en-US","@id":"https:\/\/resqship.org\/#\/schema\/logo\/image\/","url":"https:\/\/resqship.org\/wp-content\/uploads\/2020\/01\/RESQSHIP_Logo_orangeweiss_RGB-copy-1.png","contentUrl":"https:\/\/resqship.org\/wp-content\/uploads\/2020\/01\/RESQSHIP_Logo_orangeweiss_RGB-copy-1.png","width":300,"height":43,"caption":"Resqship"},"image":{"@id":"https:\/\/resqship.org\/#\/schema\/logo\/image\/"}}]}},"_links":{"self":[{"href":"https:\/\/resqship.org\/en\/wp-json\/wp\/v2\/pages\/23907","targetHints":{"allow":["GET"]}}],"collection":[{"href":"https:\/\/resqship.org\/en\/wp-json\/wp\/v2\/pages"}],"about":[{"href":"https:\/\/resqship.org\/en\/wp-json\/wp\/v2\/types\/page"}],"author":[{"embeddable":true,"href":"https:\/\/resqship.org\/en\/wp-json\/wp\/v2\/users\/30"}],"replies":[{"embeddable":true,"href":"https:\/\/resqship.org\/en\/wp-json\/wp\/v2\/comments?post=23907"}],"version-history":[{"count":2,"href":"https:\/\/resqship.org\/en\/wp-json\/wp\/v2\/pages\/23907\/revisions"}],"predecessor-version":[{"id":23909,"href":"https:\/\/resqship.org\/en\/wp-json\/wp\/v2\/pages\/23907\/revisions\/23909"}],"wp:attachment":[{"href":"https:\/\/resqship.org\/en\/wp-json\/wp\/v2\/media?parent=23907"}],"curies":[{"name":"wp","href":"https:\/\/api.w.org\/{rel}","templated":true}]}}